{"id":7882,"date":"2019-02-13T08:22:40","date_gmt":"2019-02-13T07:22:40","guid":{"rendered":"https:\/\/wipomatic.com\/?page_id=7882"},"modified":"2024-08-12T08:25:23","modified_gmt":"2024-08-12T06:25:23","slug":"contact","status":"publish","type":"page","link":"https:\/\/wipomatic.com\/en\/contact\/","title":{"rendered":"Contact"},"content":{"rendered":"\n\t<section class=\"section\" id=\"section_1330482676\">\n\t\t<div class=\"section-bg fill\" >\n\t\t\t\t\t\t\t\t\t\n\t\t\t\n\n\t\t<\/div>\n\n\t\t\n\n\t\t<div class=\"section-content relative\">\n\t\t\t\n<div class=\"row align-middle align-center\"  id=\"row-250580164\">\n\n\t<div id=\"col-1414050167\" class=\"col medium-6 small-12 large-6\"  >\n\t\t\t\t<div class=\"col-inner\"  >\n\t\t\t\n\t\t\t\n<p><strong>Phone No.<br \/>\n<span style=\"color: #993366;\">+46 (0)243-255010<\/span><\/strong><\/p>\n<p><strong>email Support\/Custom Service, Other Questions:<br \/>\n<span style=\"color: #993366;\"><a style=\"color: #993366;\" href=\"mailto:info@wipomatic.com\">info@wipomatic.com<\/a><\/span><\/strong><\/p>\n<p><strong>email for Purshase (PO):<br \/>\n<span style=\"color: #993366;\"><a style=\"color: #993366;\" href=\"mailto:order@wipomatic.com\">order@wipomatic.com<\/a><\/span><\/strong><\/p>\n<p><strong>email for claims:<br \/>\n<span style=\"color: #993366;\"><a style=\"color: #993366;\" href=\"mailto:claim@wipomatic.com\">claim@wipomatic.com<\/a><\/span><\/strong><\/p>\n<p><strong>email for Economics and Invoice questions:<br \/>\n<span style=\"color: #993366;\"><a style=\"color: #993366;\" href=\"mailto:faktura@wipomatic.com\">faktura@wipomatic.com<\/a><\/span><\/strong><\/p>\n<p><strong>emails for Questions about export:<br \/>\n<span style=\"color: #993366;\"><a style=\"color: #993366;\" href=\"mailto:export@wipomatic.com\">export@wipomatic.com<\/a><\/span><\/strong><\/p>\n<p><strong>Visit and Delivery Address:<\/strong><br \/>\n<strong><span style=\"color: #993366;\">Wip i Borl\u00e4nge AB, Tunav\u00e4gen 280, 781 73 Borl\u00e4nge, Sweden<\/span><\/strong><\/p>\n<p><strong>Post Address:<\/strong><br \/>\n<strong><span style=\"color: #993366;\">Wip i Borl\u00e4nge AB, Box 10046, 781 10 Borl\u00e4nge, Sweden<\/span><\/strong><\/p>\n\t\t<\/div>\n\t\t\t\t\t<\/div>\n\n\t\n\n\t<div id=\"col-1243362818\" class=\"col medium-6 small-12 large-6\"  >\n\t\t\t\t<div class=\"col-inner\"  >\n\t\t\t\n\t\t\t\n<p><iframe loading=\"lazy\" style=\"border: 0;\" src=\"https:\/\/www.google.com\/maps\/embed?pb=!1m18!1m12!1m3!1d17253.07605234121!2d15.487306560385427!3d60.44434354186586!2m3!1f0!2f0!3f0!3m2!1i1024!2i768!4f13.1!3m3!1m2!1s0x46677dcf8f6edf81%3A0xe021da096855989!2sWip+i+Borl%C3%A4nge+AB%2C+Wipomatic+%2F+WIP+Light!5e1!3m2!1ssv!2sse!4v1552401387453\" width=\"2600\" height=\"450\" frameborder=\"0\" allowfullscreen=\"allowfullscreen\"><\/iframe><\/p>\n\t\t<\/div>\n\t\t\t\t\t<\/div>\n\n\t\n<\/div>\n\t\t<\/div>\n\n\t\t\n<style>\n#section_1330482676 {\n  padding-top: 0px;\n  padding-bottom: 0px;\n}\n<\/style>\n\t<\/section>\n\t\n","protected":false},"excerpt":{"rendered":"","protected":false},"author":14827,"featured_media":0,"parent":0,"menu_order":0,"comment_status":"closed","ping_status":"closed","template":"page-blank.php","meta":{"footnotes":""},"class_list":["post-7882","page","type-page","status-publish","hentry"],"yoast_head":"<!-- This site is optimized with the Yoast SEO plugin v27.4 - https:\/\/yoast.com\/product\/yoast-seo-wordpress\/ -->\n<title>Contact - WIP<\/title>\n<meta name=\"robots\" content=\"index, follow, max-snippet:-1, max-image-preview:large, max-video-preview:-1\" \/>\n<link rel=\"canonical\" href=\"https:\/\/wipomatic.com\/en\/contact\/\" \/>\n<meta property=\"og:locale\" content=\"en_US\" \/>\n<meta property=\"og:type\" content=\"article\" \/>\n<meta property=\"og:title\" content=\"Contact - WIP\" \/>\n<meta property=\"og:url\" content=\"https:\/\/wipomatic.com\/en\/contact\/\" \/>\n<meta property=\"og:site_name\" content=\"WIP\" \/>\n<meta property=\"article:modified_time\" content=\"2024-08-12T06:25:23+00:00\" \/>\n<meta name=\"twitter:card\" content=\"summary_large_image\" \/>\n<meta name=\"twitter:label1\" content=\"Est. reading time\" \/>\n\t<meta name=\"twitter:data1\" content=\"1 minute\" \/>\n<script type=\"application\/ld+json\" class=\"yoast-schema-graph\">{\"@context\":\"https:\\\/\\\/schema.org\",\"@graph\":[{\"@type\":\"WebPage\",\"@id\":\"https:\\\/\\\/wipomatic.com\\\/en\\\/contact\\\/\",\"url\":\"https:\\\/\\\/wipomatic.com\\\/en\\\/contact\\\/\",\"name\":\"Contact - WIP\",\"isPartOf\":{\"@id\":\"https:\\\/\\\/wipomatic.com\\\/#website\"},\"datePublished\":\"2019-02-13T07:22:40+00:00\",\"dateModified\":\"2024-08-12T06:25:23+00:00\",\"breadcrumb\":{\"@id\":\"https:\\\/\\\/wipomatic.com\\\/en\\\/contact\\\/#breadcrumb\"},\"inLanguage\":\"en-US\",\"potentialAction\":[{\"@type\":\"ReadAction\",\"target\":[\"https:\\\/\\\/wipomatic.com\\\/en\\\/contact\\\/\"]}]},{\"@type\":\"BreadcrumbList\",\"@id\":\"https:\\\/\\\/wipomatic.com\\\/en\\\/contact\\\/#breadcrumb\",\"itemListElement\":[{\"@type\":\"ListItem\",\"position\":1,\"name\":\"Home\",\"item\":\"https:\\\/\\\/wipomatic.com\\\/en\\\/\"},{\"@type\":\"ListItem\",\"position\":2,\"name\":\"Contact\"}]},{\"@type\":\"WebSite\",\"@id\":\"https:\\\/\\\/wipomatic.com\\\/#website\",\"url\":\"https:\\\/\\\/wipomatic.com\\\/\",\"name\":\"WIP\",\"description\":\"\",\"potentialAction\":[{\"@type\":\"SearchAction\",\"target\":{\"@type\":\"EntryPoint\",\"urlTemplate\":\"https:\\\/\\\/wipomatic.com\\\/?s={search_term_string}\"},\"query-input\":{\"@type\":\"PropertyValueSpecification\",\"valueRequired\":true,\"valueName\":\"search_term_string\"}}],\"inLanguage\":\"en-US\"}]}<\/script>\n<!-- \/ Yoast SEO plugin. -->","yoast_head_json":{"title":"Contact - WIP","robots":{"index":"index","follow":"follow","max-snippet":"max-snippet:-1","max-image-preview":"max-image-preview:large","max-video-preview":"max-video-preview:-1"},"canonical":"https:\/\/wipomatic.com\/en\/contact\/","og_locale":"en_US","og_type":"article","og_title":"Contact - WIP","og_url":"https:\/\/wipomatic.com\/en\/contact\/","og_site_name":"WIP","article_modified_time":"2024-08-12T06:25:23+00:00","twitter_card":"summary_large_image","twitter_misc":{"Est. reading time":"1 minute"},"schema":{"@context":"https:\/\/schema.org","@graph":[{"@type":"WebPage","@id":"https:\/\/wipomatic.com\/en\/contact\/","url":"https:\/\/wipomatic.com\/en\/contact\/","name":"Contact - WIP","isPartOf":{"@id":"https:\/\/wipomatic.com\/#website"},"datePublished":"2019-02-13T07:22:40+00:00","dateModified":"2024-08-12T06:25:23+00:00","breadcrumb":{"@id":"https:\/\/wipomatic.com\/en\/contact\/#breadcrumb"},"inLanguage":"en-US","potentialAction":[{"@type":"ReadAction","target":["https:\/\/wipomatic.com\/en\/contact\/"]}]},{"@type":"BreadcrumbList","@id":"https:\/\/wipomatic.com\/en\/contact\/#breadcrumb","itemListElement":[{"@type":"ListItem","position":1,"name":"Home","item":"https:\/\/wipomatic.com\/en\/"},{"@type":"ListItem","position":2,"name":"Contact"}]},{"@type":"WebSite","@id":"https:\/\/wipomatic.com\/#website","url":"https:\/\/wipomatic.com\/","name":"WIP","description":"","potentialAction":[{"@type":"SearchAction","target":{"@type":"EntryPoint","urlTemplate":"https:\/\/wipomatic.com\/?s={search_term_string}"},"query-input":{"@type":"PropertyValueSpecification","valueRequired":true,"valueName":"search_term_string"}}],"inLanguage":"en-US"}]}},"_links":{"self":[{"href":"https:\/\/wipomatic.com\/en\/wp-json\/wp\/v2\/pages\/7882","targetHints":{"allow":["GET"]}}],"collection":[{"href":"https:\/\/wipomatic.com\/en\/wp-json\/wp\/v2\/pages"}],"about":[{"href":"https:\/\/wipomatic.com\/en\/wp-json\/wp\/v2\/types\/page"}],"author":[{"embeddable":true,"href":"https:\/\/wipomatic.com\/en\/wp-json\/wp\/v2\/users\/14827"}],"replies":[{"embeddable":true,"href":"https:\/\/wipomatic.com\/en\/wp-json\/wp\/v2\/comments?post=7882"}],"version-history":[{"count":0,"href":"https:\/\/wipomatic.com\/en\/wp-json\/wp\/v2\/pages\/7882\/revisions"}],"wp:attachment":[{"href":"https:\/\/wipomatic.com\/en\/wp-json\/wp\/v2\/media?parent=7882"}],"curies":[{"name":"wp","href":"https:\/\/api.w.org\/{rel}","templated":true}]}}